{"id":9,"date":"2017-02-09T20:18:50","date_gmt":"2017-02-09T20:18:50","guid":{"rendered":"http:\/\/c3.usac.edu.gt\/petencito.usac.edu.gt\/public_html\/?page_id=9"},"modified":"2024-04-18T18:28:22","modified_gmt":"2024-04-18T18:28:22","slug":"mision","status":"publish","type":"page","link":"https:\/\/petencito.usac.edu.gt\/?page_id=9","title":{"rendered":"MISI\u00d3N Y VISI\u00d3N"},"content":{"rendered":"\n<figure class=\"wp-block-image alignfull size-large\"><img loading=\"lazy\" decoding=\"async\" width=\"1024\" height=\"267\" src=\"https:\/\/petencito.usac.edu.gt\/wp-content\/uploads\/2024\/04\/banner016-1024x267.jpg\" alt=\"\" class=\"wp-image-2485\" srcset=\"https:\/\/petencito.usac.edu.gt\/wp-content\/uploads\/2024\/04\/banner016-1024x267.jpg 1024w, https:\/\/petencito.usac.edu.gt\/wp-content\/uploads\/2024\/04\/banner016-300x78.jpg 300w, https:\/\/petencito.usac.edu.gt\/wp-content\/uploads\/2024\/04\/banner016-768x200.jpg 768w, https:\/\/petencito.usac.edu.gt\/wp-content\/uploads\/2024\/04\/banner016-1536x400.jpg 1536w, https:\/\/petencito.usac.edu.gt\/wp-content\/uploads\/2024\/04\/banner016.jpg 1920w\" sizes=\"auto, (max-width: 1024px) 100vw, 1024px\" \/><\/figure>\n\n\n\n<div class=\"wp-block-columns alignfull is-layout-flex wp-container-core-columns-is-layout-9d6595d7 wp-block-columns-is-layout-flex\">\n<div class=\"wp-block-column is-vertically-aligned-top has-white-background-color has-background is-layout-flow wp-block-column-is-layout-flow\">\n<div class=\"wp-block-columns is-layout-flex wp-container-core-columns-is-layout-9d6595d7 wp-block-columns-is-layout-flex\">\n<div class=\"wp-block-column is-layout-flow wp-block-column-is-layout-flow\"><\/div>\n\n\n\n<div class=\"wp-block-column is-vertically-aligned-top is-layout-flow wp-block-column-is-layout-flow\">\n<h1 class=\"wp-block-heading has-black-color has-text-color has-link-color wp-elements-a0b08f7a62f79b4861ea4fec67288646\" style=\"font-size:75px\"><strong>MISI\u00d3N<\/strong><\/h1>\n<\/div>\n\n\n\n<div class=\"wp-block-column is-vertically-aligned-center is-layout-flow wp-block-column-is-layout-flow\">\n<div style=\"height:100px\" aria-hidden=\"true\" class=\"wp-block-spacer\"><\/div>\n\n\n\n<p class=\"has-black-color has-text-color has-link-color wp-elements-c3d827f0d2b308d67b35ee4226124eea\" style=\"font-size:18px\">Conservar, recuperar y garantizar un uso adecuado del patrimonio natural y cultural del \u00e1rea de conservaci\u00f3n de Petencito, trabajando con la sociedad civil en la preservaci\u00f3n, control y manejo de los recursos naturales.<\/p>\n\n\n\n<div style=\"height:100px\" aria-hidden=\"true\" class=\"wp-block-spacer\"><\/div>\n<\/div>\n\n\n\n<div class=\"wp-block-column is-layout-flow wp-block-column-is-layout-flow\"><\/div>\n<\/div>\n<\/div>\n<\/div>\n\n\n\n<div class=\"wp-block-columns alignfull is-layout-flex wp-container-core-columns-is-layout-9d6595d7 wp-block-columns-is-layout-flex\">\n<div class=\"wp-block-column is-vertically-aligned-top has-background is-layout-flow wp-block-column-is-layout-flow\" style=\"background-color:#3b4813\">\n<div class=\"wp-block-columns is-layout-flex wp-container-core-columns-is-layout-9d6595d7 wp-block-columns-is-layout-flex\">\n<div class=\"wp-block-column is-layout-flow wp-block-column-is-layout-flow\"><\/div>\n\n\n\n<div class=\"wp-block-column is-vertically-aligned-top is-layout-flow wp-block-column-is-layout-flow\">\n<h1 class=\"wp-block-heading has-text-color has-link-color wp-elements-a92e6388bca9ad6c48897749ab40e88d\" style=\"color:#cad400;font-size:75px\"><strong>VISI\u00d3N<\/strong><\/h1>\n<\/div>\n\n\n\n<div class=\"wp-block-column is-vertically-aligned-center is-layout-flow wp-block-column-is-layout-flow\">\n<div style=\"height:100px\" aria-hidden=\"true\" class=\"wp-block-spacer\"><\/div>\n\n\n\n<p class=\"has-white-color has-text-color has-link-color wp-elements-d8e3849fd50ff343697682dbe930ce6f\" style=\"font-size:18px\">Consolidaci\u00f3n de las \u00e1\u0081reas Silvestres Protegidas, mediante la participaci\u00f3n ciudadana, democratizaci\u00f3n de los procesos de manejo, uso de los recursos naturales, recuperaci\u00f3n de fauna, flora y minimizar la alteraci\u00f3n de los ecosistemas.<\/p>\n\n\n\n<div style=\"height:100px\" aria-hidden=\"true\" class=\"wp-block-spacer\"><\/div>\n<\/div>\n\n\n\n<div class=\"wp-block-column is-layout-flow wp-block-column-is-layout-flow\"><\/div>\n<\/div>\n<\/div>\n<\/div>\n","protected":false},"excerpt":{"rendered":"<p>MISI\u00d3N Conservar, recuperar y garantizar un uso adecuado del patrimonio natural y cultural del \u00e1rea de conservaci\u00f3n de Petencito, trabajando con la sociedad civil en la preservaci\u00f3n, control y manejo de los recursos naturales. VISI\u00d3N Consolidaci\u00f3n de las \u00e1\u0081reas Silvestres Protegidas, mediante la participaci\u00f3n ciudadana, democratizaci\u00f3n de los procesos de manejo, uso de los recursos [&hellip;]<\/p>\n","protected":false},"author":1,"featured_media":0,"parent":4,"menu_order":2,"comment_status":"closed","ping_status":"closed","template":"","meta":{"iawp_total_views":9,"footnotes":""},"class_list":["post-9","page","type-page","status-publish","czr-hentry"],"_links":{"self":[{"href":"https:\/\/petencito.usac.edu.gt\/index.php?rest_route=\/wp\/v2\/pages\/9","targetHints":{"allow":["GET"]}}],"collection":[{"href":"https:\/\/petencito.usac.edu.gt\/index.php?rest_route=\/wp\/v2\/pages"}],"about":[{"href":"https:\/\/petencito.usac.edu.gt\/index.php?rest_route=\/wp\/v2\/types\/page"}],"author":[{"embeddable":true,"href":"https:\/\/petencito.usac.edu.gt\/index.php?rest_route=\/wp\/v2\/users\/1"}],"replies":[{"embeddable":true,"href":"https:\/\/petencito.usac.edu.gt\/index.php?rest_route=%2Fwp%2Fv2%2Fcomments&post=9"}],"version-history":[{"count":20,"href":"https:\/\/petencito.usac.edu.gt\/index.php?rest_route=\/wp\/v2\/pages\/9\/revisions"}],"predecessor-version":[{"id":2889,"href":"https:\/\/petencito.usac.edu.gt\/index.php?rest_route=\/wp\/v2\/pages\/9\/revisions\/2889"}],"up":[{"embeddable":true,"href":"https:\/\/petencito.usac.edu.gt\/index.php?rest_route=\/wp\/v2\/pages\/4"}],"wp:attachment":[{"href":"https:\/\/petencito.usac.edu.gt\/index.php?rest_route=%2Fwp%2Fv2%2Fmedia&parent=9"}],"curies":[{"name":"wp","href":"https:\/\/api.w.org\/{rel}","templated":true}]}}