{"id":74,"date":"2017-03-02T18:53:00","date_gmt":"2017-03-02T18:53:00","guid":{"rendered":"http:\/\/c3.usac.edu.gt\/petencito.usac.edu.gt\/public_html\/?page_id=74"},"modified":"2024-04-17T18:23:16","modified_gmt":"2024-04-17T18:23:16","slug":"resena-historica","status":"publish","type":"page","link":"https:\/\/petencito.usac.edu.gt\/?page_id=74","title":{"rendered":"Rese\u00f1a Hist\u00f3rica"},"content":{"rendered":"\n<div class=\"wp-block-cover alignfull has-custom-content-position is-position-center-right\"><span aria-hidden=\"true\" class=\"wp-block-cover__background has-background-dim\"><\/span><img loading=\"lazy\" decoding=\"async\" width=\"1024\" height=\"267\" class=\"wp-block-cover__image-background wp-image-2482\" alt=\"\" src=\"https:\/\/petencito.usac.edu.gt\/wp-content\/uploads\/2024\/04\/banner013-1024x267.jpg\" data-object-fit=\"cover\" srcset=\"https:\/\/petencito.usac.edu.gt\/wp-content\/uploads\/2024\/04\/banner013-1024x267.jpg 1024w, https:\/\/petencito.usac.edu.gt\/wp-content\/uploads\/2024\/04\/banner013-300x78.jpg 300w, https:\/\/petencito.usac.edu.gt\/wp-content\/uploads\/2024\/04\/banner013-768x200.jpg 768w, https:\/\/petencito.usac.edu.gt\/wp-content\/uploads\/2024\/04\/banner013-1536x400.jpg 1536w, https:\/\/petencito.usac.edu.gt\/wp-content\/uploads\/2024\/04\/banner013.jpg 1920w\" sizes=\"auto, (max-width: 1024px) 100vw, 1024px\" \/><div class=\"wp-block-cover__inner-container is-layout-flow wp-block-cover-is-layout-flow\">\n<p class=\"has-text-align-right has-medium-font-size\">Desde 1997 el Centro de Educaci\u00f3n Ambiental y Vida Silvestre-CEAVS fue administrado en usufructo por la <br>Universidad de San Carlos de Guatemala y en diciembre de 2012 la Municipalidad de Flores concede<br>en propiedad 6.33 Caballer\u00edas y el objetivo fundamental es la preservaci\u00f3n y conservaci\u00f3n<br>de la Flora y Fauna.<\/p>\n<\/div><\/div>\n\n\n\n<div class=\"wp-block-columns alignfull is-layout-flex wp-container-core-columns-is-layout-9d6595d7 wp-block-columns-is-layout-flex\">\n<div class=\"wp-block-column is-layout-flow wp-block-column-is-layout-flow\">\n<div class=\"wp-block-columns is-layout-flex wp-container-core-columns-is-layout-9d6595d7 wp-block-columns-is-layout-flex\">\n<div class=\"wp-block-column is-layout-flow wp-block-column-is-layout-flow\"><\/div>\n\n\n\n<div class=\"wp-block-column is-layout-flow wp-block-column-is-layout-flow\">\n<h2 class=\"wp-block-heading has-white-color has-text-color has-background has-link-color wp-elements-1ff207358d99c8daede398e9a4a9b9f0\" style=\"background-color:#414d22\"><strong>LOGRO HIST\u00d3RICO<\/strong><\/h2>\n\n\n\n<p>La municipalidad de flores otorga en propiedad Petencito a la Universidad de San Carlos de Guatemala. Deseamos agradecer en nombre de la Universidad al se\u00f1or alcalde y su corporaci\u00f3n por la decisi\u00f3n hist\u00f3rica de conceder en propiedad el \u00e1rea que ocupa petencito (291 hect\u00e1reas ). Los tramites inician a partir del mes de mayo del presente a\u00f1o y se consolida el d\u00eda 6 de octubre. Es importante mencionar la participaci\u00f3n decidida de la administraci\u00f3n de Petencito, Estudiantes, Profesores y Autoridades del Centro Universitario de Pet\u00e9n en la consolidaci\u00f3n de dicho proceso. El valor simb\u00f3lico establecido en dicha autorizaci\u00f3n es de Q.20,000.00. Finalmente expresar nuestro agradecimiento a los medios de comunicaci\u00f3n Radio Manantial, Stereo Solar, Sexy fm por contribuir a la socializaci\u00f3n de la informacion ante la comunidad petenera, quienes mostraron su solidaridad a nuestra causa.<\/p>\n<\/div>\n\n\n\n<div class=\"wp-block-column is-layout-flow wp-block-column-is-layout-flow\">\n<figure class=\"wp-block-image size-large\"><img loading=\"lazy\" decoding=\"async\" width=\"683\" height=\"1024\" src=\"https:\/\/petencito.usac.edu.gt\/wp-content\/uploads\/2024\/04\/DSC_6108-683x1024.jpg\" alt=\"\" class=\"wp-image-2797\" srcset=\"https:\/\/petencito.usac.edu.gt\/wp-content\/uploads\/2024\/04\/DSC_6108-683x1024.jpg 683w, https:\/\/petencito.usac.edu.gt\/wp-content\/uploads\/2024\/04\/DSC_6108-200x300.jpg 200w, https:\/\/petencito.usac.edu.gt\/wp-content\/uploads\/2024\/04\/DSC_6108-768x1152.jpg 768w, https:\/\/petencito.usac.edu.gt\/wp-content\/uploads\/2024\/04\/DSC_6108-1024x1536.jpg 1024w, https:\/\/petencito.usac.edu.gt\/wp-content\/uploads\/2024\/04\/DSC_6108-1365x2048.jpg 1365w, https:\/\/petencito.usac.edu.gt\/wp-content\/uploads\/2024\/04\/DSC_6108-scaled.jpg 1707w\" sizes=\"auto, (max-width: 683px) 100vw, 683px\" \/><\/figure>\n<\/div>\n\n\n\n<div class=\"wp-block-column is-layout-flow wp-block-column-is-layout-flow\"><\/div>\n<\/div>\n<\/div>\n<\/div>\n\n\n\n<h2 class=\"wp-block-heading\">&nbsp;<\/h2>\n","protected":false},"excerpt":{"rendered":"<p>LOGRO HIST\u00d3RICO La municipalidad de flores otorga en propiedad Petencito a la Universidad de San Carlos de Guatemala. Deseamos agradecer en nombre de la Universidad al se\u00f1or alcalde y su corporaci\u00f3n por la decisi\u00f3n hist\u00f3rica de conceder en propiedad el \u00e1rea que ocupa petencito (291 hect\u00e1reas ). Los tramites inician a partir del mes de [&hellip;]<\/p>\n","protected":false},"author":1,"featured_media":0,"parent":4,"menu_order":1,"comment_status":"closed","ping_status":"closed","template":"","meta":{"iawp_total_views":21,"footnotes":""},"class_list":["post-74","page","type-page","status-publish","czr-hentry"],"_links":{"self":[{"href":"https:\/\/petencito.usac.edu.gt\/index.php?rest_route=\/wp\/v2\/pages\/74","targetHints":{"allow":["GET"]}}],"collection":[{"href":"https:\/\/petencito.usac.edu.gt\/index.php?rest_route=\/wp\/v2\/pages"}],"about":[{"href":"https:\/\/petencito.usac.edu.gt\/index.php?rest_route=\/wp\/v2\/types\/page"}],"author":[{"embeddable":true,"href":"https:\/\/petencito.usac.edu.gt\/index.php?rest_route=\/wp\/v2\/users\/1"}],"replies":[{"embeddable":true,"href":"https:\/\/petencito.usac.edu.gt\/index.php?rest_route=%2Fwp%2Fv2%2Fcomments&post=74"}],"version-history":[{"count":15,"href":"https:\/\/petencito.usac.edu.gt\/index.php?rest_route=\/wp\/v2\/pages\/74\/revisions"}],"predecessor-version":[{"id":2801,"href":"https:\/\/petencito.usac.edu.gt\/index.php?rest_route=\/wp\/v2\/pages\/74\/revisions\/2801"}],"up":[{"embeddable":true,"href":"https:\/\/petencito.usac.edu.gt\/index.php?rest_route=\/wp\/v2\/pages\/4"}],"wp:attachment":[{"href":"https:\/\/petencito.usac.edu.gt\/index.php?rest_route=%2Fwp%2Fv2%2Fmedia&parent=74"}],"curies":[{"name":"wp","href":"https:\/\/api.w.org\/{rel}","templated":true}]}}