{"id":71,"date":"2017-03-02T18:51:49","date_gmt":"2017-03-02T18:51:49","guid":{"rendered":"http:\/\/c3.usac.edu.gt\/petencito.usac.edu.gt\/public_html\/?page_id=71"},"modified":"2024-04-17T21:37:15","modified_gmt":"2024-04-17T21:37:15","slug":"quienes-somos","status":"publish","type":"page","link":"https:\/\/petencito.usac.edu.gt\/?page_id=71","title":{"rendered":"\u00bfQuienes somos?"},"content":{"rendered":"\n<div class=\"wp-block-columns alignfull is-layout-flex wp-container-core-columns-is-layout-9d6595d7 wp-block-columns-is-layout-flex\">\n<div class=\"wp-block-column has-black-background-color has-background is-layout-flow wp-block-column-is-layout-flow\">\n<div class=\"wp-block-columns is-layout-flex wp-container-core-columns-is-layout-9d6595d7 wp-block-columns-is-layout-flex\">\n<div class=\"wp-block-column is-layout-flow wp-block-column-is-layout-flow\" style=\"flex-basis:200px\"><\/div>\n\n\n\n<div class=\"wp-block-column has-white-color has-text-color has-link-color wp-elements-c1834d0c8572b82fc0431c15323c942e is-layout-flow wp-block-column-is-layout-flow\" style=\"flex-basis:500px\">\n<div style=\"height:100px\" aria-hidden=\"true\" class=\"wp-block-spacer\"><\/div>\n\n\n\n<p class=\"has-medium-font-size\">Petencito, Centro de Educaci\u00f3n Ambiental y Vida Silvestre, es un parque zool\u00f3gico abierto al p\u00fablico que se encuentra ubicado en\u00a0<strong>Flores en Pet\u00e9n<\/strong>. En este sitio es posible disfrutar de un ambiente agradable, con un clima c\u00e1lido y paisajes despejados hacia la naturaleza. Este espacio cuenta con un zool\u00f3gico con diversidad de animales as\u00ed como un puente colgante muy famoso por las fotograf\u00edas que se pueden tomar.<br><br>Sin duda este uno de los m\u00e1s conocidos gracias a sus curiosas instalaciones y su zool\u00f3gico en medio de una isla. Adem\u00e1s,\u00a0Petencito es propiedad de la\u00a0<strong>Universidad de San Carlos de Guatemala<\/strong>. Su misi\u00f3n es de conservar, recuperar y garantizar un uso adecuado del patrimonio natural y cultural del \u00e1rea.<\/p>\n<\/div>\n\n\n\n<div class=\"wp-block-column is-layout-flow wp-block-column-is-layout-flow\">\n<figure class=\"wp-block-image size-full\"><img loading=\"lazy\" decoding=\"async\" width=\"1093\" height=\"565\" src=\"https:\/\/petencito.usac.edu.gt\/wp-content\/uploads\/2024\/04\/bannerquienessomos2.jpg\" alt=\"\" class=\"wp-image-2869\" srcset=\"https:\/\/petencito.usac.edu.gt\/wp-content\/uploads\/2024\/04\/bannerquienessomos2.jpg 1093w, https:\/\/petencito.usac.edu.gt\/wp-content\/uploads\/2024\/04\/bannerquienessomos2-300x155.jpg 300w, https:\/\/petencito.usac.edu.gt\/wp-content\/uploads\/2024\/04\/bannerquienessomos2-1024x529.jpg 1024w, https:\/\/petencito.usac.edu.gt\/wp-content\/uploads\/2024\/04\/bannerquienessomos2-768x397.jpg 768w\" sizes=\"auto, (max-width: 1093px) 100vw, 1093px\" \/><\/figure>\n\n\n\n<p class=\"has-text-align-center has-white-color has-text-color has-link-color wp-elements-6e26818d7f0458f3e3ef60f64e9fc25d\"><em><strong>Fuente: <\/strong><a href=\"https:\/\/www.guatemala.com\">guatemala.com<\/a><\/em><\/p>\n<\/div>\n<\/div>\n<\/div>\n<\/div>\n\n\n\n<blockquote class=\"wp-block-quote is-layout-flow wp-block-quote-is-layout-flow\">\n<p>Petencito ofrece a sus visitantes \u00e1reas espec\u00edficas para acampar rodeados de la naturaleza, en un lugar con vista al\u00a0<strong>Lago Pet\u00e9n Itz\u00e1 y a la Laguna La Guitarra<\/strong>, con esto se pretende que las personas aprecien la fauna que tiene actividad nocturna y que puedan observar la salida y la puesta del sol.<\/p>\n<\/blockquote>\n","protected":false},"excerpt":{"rendered":"<p>Petencito, Centro de Educaci\u00f3n Ambiental y Vida Silvestre, es un parque zool\u00f3gico abierto al p\u00fablico que se encuentra ubicado en\u00a0Flores en Pet\u00e9n. En este sitio es posible disfrutar de un ambiente agradable, con un clima c\u00e1lido y paisajes despejados hacia la naturaleza. Este espacio cuenta con un zool\u00f3gico con diversidad de animales as\u00ed como un [&hellip;]<\/p>\n","protected":false},"author":1,"featured_media":0,"parent":4,"menu_order":1,"comment_status":"closed","ping_status":"closed","template":"","meta":{"iawp_total_views":43,"footnotes":""},"class_list":["post-71","page","type-page","status-publish","czr-hentry"],"_links":{"self":[{"href":"https:\/\/petencito.usac.edu.gt\/index.php?rest_route=\/wp\/v2\/pages\/71","targetHints":{"allow":["GET"]}}],"collection":[{"href":"https:\/\/petencito.usac.edu.gt\/index.php?rest_route=\/wp\/v2\/pages"}],"about":[{"href":"https:\/\/petencito.usac.edu.gt\/index.php?rest_route=\/wp\/v2\/types\/page"}],"author":[{"embeddable":true,"href":"https:\/\/petencito.usac.edu.gt\/index.php?rest_route=\/wp\/v2\/users\/1"}],"replies":[{"embeddable":true,"href":"https:\/\/petencito.usac.edu.gt\/index.php?rest_route=%2Fwp%2Fv2%2Fcomments&post=71"}],"version-history":[{"count":22,"href":"https:\/\/petencito.usac.edu.gt\/index.php?rest_route=\/wp\/v2\/pages\/71\/revisions"}],"predecessor-version":[{"id":2882,"href":"https:\/\/petencito.usac.edu.gt\/index.php?rest_route=\/wp\/v2\/pages\/71\/revisions\/2882"}],"up":[{"embeddable":true,"href":"https:\/\/petencito.usac.edu.gt\/index.php?rest_route=\/wp\/v2\/pages\/4"}],"wp:attachment":[{"href":"https:\/\/petencito.usac.edu.gt\/index.php?rest_route=%2Fwp%2Fv2%2Fmedia&parent=71"}],"curies":[{"name":"wp","href":"https:\/\/api.w.org\/{rel}","templated":true}]}}