{"id":2558,"date":"2024-04-15T19:26:26","date_gmt":"2024-04-15T19:26:26","guid":{"rendered":"https:\/\/petencito.usac.edu.gt\/?page_id=2558"},"modified":"2024-04-17T14:34:51","modified_gmt":"2024-04-17T14:34:51","slug":"preguntas-frecuentes","status":"publish","type":"page","link":"https:\/\/petencito.usac.edu.gt\/?page_id=2558","title":{"rendered":"Preguntas Frecuentes"},"content":{"rendered":"\n<div class=\"wp-block-cover alignfull has-custom-content-position is-position-center-right\"><span aria-hidden=\"true\" class=\"wp-block-cover__background has-background-dim\"><\/span><img loading=\"lazy\" decoding=\"async\" width=\"1024\" height=\"267\" class=\"wp-block-cover__image-background wp-image-2477\" alt=\"\" src=\"https:\/\/petencito.usac.edu.gt\/wp-content\/uploads\/2024\/04\/banner008-1024x267.jpg\" data-object-fit=\"cover\" srcset=\"https:\/\/petencito.usac.edu.gt\/wp-content\/uploads\/2024\/04\/banner008-1024x267.jpg 1024w, https:\/\/petencito.usac.edu.gt\/wp-content\/uploads\/2024\/04\/banner008-300x78.jpg 300w, https:\/\/petencito.usac.edu.gt\/wp-content\/uploads\/2024\/04\/banner008-768x200.jpg 768w, https:\/\/petencito.usac.edu.gt\/wp-content\/uploads\/2024\/04\/banner008-1536x400.jpg 1536w, https:\/\/petencito.usac.edu.gt\/wp-content\/uploads\/2024\/04\/banner008.jpg 1920w\" sizes=\"auto, (max-width: 1024px) 100vw, 1024px\" \/><div class=\"wp-block-cover__inner-container is-layout-flow wp-block-cover-is-layout-flow\">\n<p class=\"has-text-align-right has-x-large-font-size\"><strong>Preguntas m\u00e1s frecuentes al visitar Petencito<\/strong><\/p>\n<\/div><\/div>\n\n\n\n<p class=\"has-text-align-left tracking-in-contract has-text-color has-link-color has-medium-font-size wp-elements-cf39e82e5c014908af39de9e99838188\" style=\"color:#576905\"><br><strong>Qu\u00e9 esperar en su visita al Centro de Educacion Ambiental y Vida Silvestre-CEAVS<\/strong>.<\/p>\n\n\n\n<div class=\"wp-block-columns alignfull has-background is-layout-flex wp-container-core-columns-is-layout-9d6595d7 wp-block-columns-is-layout-flex\" style=\"background-color:#657722\">\n<div class=\"wp-block-column is-layout-flow wp-block-column-is-layout-flow\">\n<div class=\"wp-block-columns is-layout-flex wp-container-core-columns-is-layout-9d6595d7 wp-block-columns-is-layout-flex\">\n<div class=\"wp-block-column is-layout-flow wp-block-column-is-layout-flow\"><\/div>\n\n\n\n<div class=\"wp-block-column has-white-color has-text-color has-link-color has-medium-font-size wp-elements-9a1e9fa653a0eae4dada8cb9b37ab870 is-layout-flow wp-block-column-is-layout-flow\">\n<p class=\"has-text-color has-link-color has-medium-font-size wp-elements-82b551ec86d6ec2848aead86c1fba114\" style=\"color:#222c06\"><strong>P: \u00bfCu\u00e1l es su horario de apertura?<\/strong><\/p>\n\n\n\n<p class=\"has-medium-font-size\">R: Martes a Domingo de 7:30 a 17:00 horas. Lunes de 10:00 a 17:00 horas.<\/p>\n\n\n\n<p class=\"has-text-color has-link-color wp-elements-f625f19994d337334f447b02dbfd40f8\" style=\"color:#222c06\"><strong>P: \u00bfTienen parqueo?<\/strong><\/p>\n\n\n\n<p>R: Parqueo sin costo frente a la entrada del Centro.<\/p>\n\n\n\n<p class=\"has-text-color has-link-color wp-elements-3b9481af45705b52f364eea462d974ee\" style=\"color:#222c06\"><strong>P: \u00bfHay diferencia de precio de ingreso para ni\u00f1os y adultos?<\/strong><\/p>\n\n\n\n<p>R: Ni\u00f1os de 5 a\u00f1os en adelante pagan entrada seg\u00fan al grupo al que pertenecen (nacionales, extranjeros, estudiantes, etc.). Menores de 5 a\u00f1os entran gratis.<\/p>\n\n\n\n<p class=\"has-text-color has-link-color wp-elements-8fe9f47d5b5bfd8a635e4a4b946e92d1\" style=\"color:#222c06\"><strong>P: \u00bfEs necesario reservar con antelaci\u00f3n?<\/strong><\/p>\n\n\n\n<p>R: No, no es necesario a excepci\u00f3n de colegios p\u00fablicos y privados que llevan un listado el d\u00eda de la visita, con el nombre de cada estudiante, nombre del establecimiento y firma y sello por el director del establecimiento.<\/p>\n<\/div>\n\n\n\n<div class=\"wp-block-column has-white-color has-text-color has-link-color has-medium-font-size wp-elements-20c7bdfde94019a0848f893f2f6982a1 is-layout-flow wp-block-column-is-layout-flow\">\n<p class=\"has-text-color has-link-color wp-elements-d631c137caa03a7f7224885ff4648855\" style=\"color:#222c06\"><strong>P: \u00bfPuedo llevar mi propia comida?<\/strong><\/p>\n\n\n\n<p>R: Si. Hay mesas dentro del parque para que puedas ingerir tus alimentos.<\/p>\n\n\n\n<p class=\"has-text-color has-link-color wp-elements-9b676ce3bb65587f0f168b1914a944cb\" style=\"color:#222c06\"><strong>P: \u00bfPuedo traer a mis mascotas?<\/strong><\/p>\n\n\n\n<p>R: No. Debido a que tenemos animales que se encuentran libres en nuestro Centro, no es permitido el ingreso de mascotas.<\/p>\n\n\n\n<p class=\"has-text-color has-link-color wp-elements-dda0dc112ad8fe662009f81a2aeab7d9\" style=\"color:#222c06\"><strong>P: \u00bfPuedo llevar mi animal de servicio?<\/strong><\/p>\n\n\n\n<p>R: No. Puede resultar peligroso para la persona y para el animal de servicio.<\/p>\n\n\n\n<p class=\"has-text-color has-link-color wp-elements-7bae7044a5a823913d34c1586a6afefc\" style=\"color:#222c06\"><strong>P: \u00bfHay alg\u00fan restaurante?<\/strong><\/p>\n\n\n\n<p>R: No. Por el momento no contamos con venta de alimentos dentro del Centro.<\/p>\n<\/div>\n\n\n\n<div class=\"wp-block-column has-white-color has-text-color has-link-color has-medium-font-size wp-elements-a917e61a5e8ac93b9d351ff2d0f701c9 is-layout-flow wp-block-column-is-layout-flow\">\n<p class=\"has-text-color has-link-color wp-elements-c8486565953af609d8050016abc717c8\" style=\"color:#222c06\"><strong>P: \u00bfHay WIFI?<\/strong><\/p>\n\n\n\n<p>R: No. Por el momento no contamos con internet inal\u00e1mbrico en el Centro.<\/p>\n\n\n\n<p class=\"has-text-color has-link-color wp-elements-18c082c18ad66bd7dd619f7d90a8fcd5\" style=\"color:#222c06\"><strong>P: \u00bfPuedo acariciar o dar de comer a los animales?<\/strong><\/p>\n\n\n\n<p>R: No se recomienda dar comida de consumo humano a los animales del Centro. Cada especie tiene una dieta indicada la cual administra cada cuidador del lugar. Podr\u00eda consultar al cuidador para alimentar a los animales, si estuviera en el horario indicado de comida.<\/p>\n<\/div>\n\n\n\n<div class=\"wp-block-column is-layout-flow wp-block-column-is-layout-flow\"><\/div>\n<\/div>\n<\/div>\n<\/div>\n","protected":false},"excerpt":{"rendered":"<p>Qu\u00e9 esperar en su visita al Centro de Educacion Ambiental y Vida Silvestre-CEAVS. P: \u00bfCu\u00e1l es su horario de apertura? R: Martes a Domingo de 7:30 a 17:00 horas. Lunes de 10:00 a 17:00 horas. P: \u00bfTienen parqueo? R: Parqueo sin costo frente a la entrada del Centro. P: \u00bfHay diferencia de precio de ingreso [&hellip;]<\/p>\n","protected":false},"author":1,"featured_media":0,"parent":0,"menu_order":0,"comment_status":"closed","ping_status":"closed","template":"","meta":{"iawp_total_views":60,"footnotes":""},"class_list":["post-2558","page","type-page","status-publish","czr-hentry"],"_links":{"self":[{"href":"https:\/\/petencito.usac.edu.gt\/index.php?rest_route=\/wp\/v2\/pages\/2558","targetHints":{"allow":["GET"]}}],"collection":[{"href":"https:\/\/petencito.usac.edu.gt\/index.php?rest_route=\/wp\/v2\/pages"}],"about":[{"href":"https:\/\/petencito.usac.edu.gt\/index.php?rest_route=\/wp\/v2\/types\/page"}],"author":[{"embeddable":true,"href":"https:\/\/petencito.usac.edu.gt\/index.php?rest_route=\/wp\/v2\/users\/1"}],"replies":[{"embeddable":true,"href":"https:\/\/petencito.usac.edu.gt\/index.php?rest_route=%2Fwp%2Fv2%2Fcomments&post=2558"}],"version-history":[{"count":21,"href":"https:\/\/petencito.usac.edu.gt\/index.php?rest_route=\/wp\/v2\/pages\/2558\/revisions"}],"predecessor-version":[{"id":2763,"href":"https:\/\/petencito.usac.edu.gt\/index.php?rest_route=\/wp\/v2\/pages\/2558\/revisions\/2763"}],"wp:attachment":[{"href":"https:\/\/petencito.usac.edu.gt\/index.php?rest_route=%2Fwp%2Fv2%2Fmedia&parent=2558"}],"curies":[{"name":"wp","href":"https:\/\/api.w.org\/{rel}","templated":true}]}}