{"id":18,"date":"2017-02-13T13:04:54","date_gmt":"2017-02-13T13:04:54","guid":{"rendered":"http:\/\/c3.usac.edu.gt\/petencito.usac.edu.gt\/public_html\/?page_id=18"},"modified":"2022-04-22T20:32:50","modified_gmt":"2022-04-22T20:32:50","slug":"atracciones","status":"publish","type":"page","link":"https:\/\/petencito.usac.edu.gt\/?page_id=18","title":{"rendered":"Atracciones"},"content":{"rendered":"\n<h2 class=\"wp-block-heading\">ROPE SWING &#8211; MECATE<\/h2>\n\n\n\n<p>A partir de Agosto de 2019 se cuenta con la atracci\u00f3n a la orilla de la playa, como parte de mejorar la atracci\u00f3n al turista.<\/p>\n\n\n\n<figure class=\"wp-block-image\"><img loading=\"lazy\" decoding=\"async\" width=\"600\" height=\"450\" src=\"https:\/\/petencito.usac.edu.gt\/wp-content\/uploads\/2019\/07\/rope-swing.jpeg\" alt=\"\" class=\"wp-image-2295\" srcset=\"https:\/\/petencito.usac.edu.gt\/wp-content\/uploads\/2019\/07\/rope-swing.jpeg 600w, https:\/\/petencito.usac.edu.gt\/wp-content\/uploads\/2019\/07\/rope-swing-300x225.jpeg 300w\" sizes=\"auto, (max-width: 600px) 100vw, 600px\" \/><figcaption>Fotograf\u00eda: Ejemplo ya que est\u00e1 en fase de construcci\u00f3n.<\/figcaption><\/figure>\n\n\n\n<hr class=\"wp-block-separator\"\/>\n\n\n\n<h2 class=\"wp-block-heading\"><strong>AVENTURA ECOL\u00d3GICA<\/strong><\/h2>\n\n\n\n<p>Dentro de las 284 hect\u00e1reas que posee el zool\u00f3gico Petencito existen senderos interpretativos en donde los visitantes pueden hacer recorridos ya sea caminatas o en bicicletas, como actividades deportivas o de distracci\u00f3n, con el objetivo principal de salir de lo cotidiano y respirar aire puro.<\/p>\n\n\n\n<p>Conviviendo con los diferentes ecosistemas que se encuentran a lo largo de los tres senderos, a trav\u00e9s del bosque los recorridos en bicicleta se hacen m\u00e1s atractivos cuando por medio de lianas y \u00e1rboles derribados se simula un grado de dificultad y emoci\u00f3n al visitante. Tambi\u00e9n con el recorrido por los senderos se pretende ense\u00f1ar por medio de r\u00f3tulos al visitante las especies de \u00e1rboles predominantes en la vegetaci\u00f3n de Petencito, ilustrando en ellos el nombre com\u00fan, el nombre cient\u00edfico y la familia a la que pertenece el \u00e1rbol.<\/p>\n\n\n\n<figure class=\"wp-block-image\"><img loading=\"lazy\" decoding=\"async\" width=\"300\" height=\"200\" src=\"http:\/\/c3.usac.edu.gt\/petencito.usac.edu.gt\/public_html\/wp-content\/uploads\/2017\/03\/dsc02801-300x200.jpg\" alt=\"\" class=\"wp-image-84\" srcset=\"https:\/\/petencito.usac.edu.gt\/wp-content\/uploads\/2017\/03\/dsc02801-300x200.jpg 300w, https:\/\/petencito.usac.edu.gt\/wp-content\/uploads\/2017\/03\/dsc02801.jpg 500w\" sizes=\"auto, (max-width: 300px) 100vw, 300px\" \/><\/figure>\n\n\n\n<hr class=\"wp-block-separator\"\/>\n\n\n\n<h2 class=\"wp-block-heading\"><strong>\u00c1REAS DE DIVERSI\u00d3N<\/strong><\/h2>\n\n\n\n<p>Petencito ofrece a sus visitantes \u00e1reas espec\u00edficas para acampar rodeados de la Naturaleza, en un lugar con vista al lago Pet\u00e9n Itz\u00e1 y a la Laguna La Guitarra, con esto se pretende que las personas aprecien la fauna que tiene actividad nocturna y que puedan observar la salida y la puesta del sol.<\/p>\n\n\n\n<p>Los toboganes y el \u00e1rea de juegos infantiles son parte importante tambi\u00e9n de la recreaci\u00f3n que el parque ofrece, ya que dichos toboganes est\u00e1n dentro del bosque y van a dar al lago Peten Itz\u00e1, en donde los visitantes tambi\u00e9n pueden nadar y tomar el sol. El \u00e1rea de juegos infantiles est\u00e1 dentro del bosque rodeado de animales como ardillas y monos saraguates.<\/p>\n\n\n\n<figure class=\"wp-block-image\"><img loading=\"lazy\" decoding=\"async\" width=\"300\" height=\"187\" src=\"http:\/\/c3.usac.edu.gt\/petencito.usac.edu.gt\/public_html\/wp-content\/uploads\/2017\/02\/imgatracciones002-300x187.jpg\" alt=\"\" class=\"wp-image-97\" srcset=\"https:\/\/petencito.usac.edu.gt\/wp-content\/uploads\/2017\/02\/imgatracciones002-300x187.jpg 300w, https:\/\/petencito.usac.edu.gt\/wp-content\/uploads\/2017\/02\/imgatracciones002.jpg 360w\" sizes=\"auto, (max-width: 300px) 100vw, 300px\" \/><\/figure>\n\n\n\n<figure class=\"wp-block-image\"><img loading=\"lazy\" decoding=\"async\" width=\"300\" height=\"187\" src=\"http:\/\/c3.usac.edu.gt\/petencito.usac.edu.gt\/public_html\/wp-content\/uploads\/2017\/02\/imgatracciones003-300x187.jpg\" alt=\"\" class=\"wp-image-98\" srcset=\"https:\/\/petencito.usac.edu.gt\/wp-content\/uploads\/2017\/02\/imgatracciones003-300x187.jpg 300w, https:\/\/petencito.usac.edu.gt\/wp-content\/uploads\/2017\/02\/imgatracciones003.jpg 354w\" sizes=\"auto, (max-width: 300px) 100vw, 300px\" \/><\/figure>\n\n\n\n<figure class=\"wp-block-image\"><img loading=\"lazy\" decoding=\"async\" width=\"300\" height=\"185\" src=\"http:\/\/c3.usac.edu.gt\/petencito.usac.edu.gt\/public_html\/wp-content\/uploads\/2017\/02\/imgatracciones004-300x185.jpg\" alt=\"\" class=\"wp-image-99\" srcset=\"https:\/\/petencito.usac.edu.gt\/wp-content\/uploads\/2017\/02\/imgatracciones004-300x185.jpg 300w, https:\/\/petencito.usac.edu.gt\/wp-content\/uploads\/2017\/02\/imgatracciones004.jpg 360w\" sizes=\"auto, (max-width: 300px) 100vw, 300px\" \/><\/figure>\n","protected":false},"excerpt":{"rendered":"<p>ROPE SWING &#8211; MECATE A partir de Agosto de 2019 se cuenta con la atracci\u00f3n a la orilla de la playa, como parte de mejorar la atracci\u00f3n al turista. AVENTURA ECOL\u00d3GICA Dentro de las 284 hect\u00e1reas que posee el zool\u00f3gico Petencito existen senderos interpretativos en donde los visitantes pueden hacer recorridos ya sea caminatas o [&hellip;]<\/p>\n","protected":false},"author":1,"featured_media":2451,"parent":0,"menu_order":2,"comment_status":"closed","ping_status":"closed","template":"","meta":{"iawp_total_views":26,"footnotes":""},"class_list":["post-18","page","type-page","status-publish","has-post-thumbnail","czr-hentry"],"_links":{"self":[{"href":"https:\/\/petencito.usac.edu.gt\/index.php?rest_route=\/wp\/v2\/pages\/18","targetHints":{"allow":["GET"]}}],"collection":[{"href":"https:\/\/petencito.usac.edu.gt\/index.php?rest_route=\/wp\/v2\/pages"}],"about":[{"href":"https:\/\/petencito.usac.edu.gt\/index.php?rest_route=\/wp\/v2\/types\/page"}],"author":[{"embeddable":true,"href":"https:\/\/petencito.usac.edu.gt\/index.php?rest_route=\/wp\/v2\/users\/1"}],"replies":[{"embeddable":true,"href":"https:\/\/petencito.usac.edu.gt\/index.php?rest_route=%2Fwp%2Fv2%2Fcomments&post=18"}],"version-history":[{"count":7,"href":"https:\/\/petencito.usac.edu.gt\/index.php?rest_route=\/wp\/v2\/pages\/18\/revisions"}],"predecessor-version":[{"id":2298,"href":"https:\/\/petencito.usac.edu.gt\/index.php?rest_route=\/wp\/v2\/pages\/18\/revisions\/2298"}],"wp:featuredmedia":[{"embeddable":true,"href":"https:\/\/petencito.usac.edu.gt\/index.php?rest_route=\/wp\/v2\/media\/2451"}],"wp:attachment":[{"href":"https:\/\/petencito.usac.edu.gt\/index.php?rest_route=%2Fwp%2Fv2%2Fmedia&parent=18"}],"curies":[{"name":"wp","href":"https:\/\/api.w.org\/{rel}","templated":true}]}}