{"id":16,"date":"2017-02-13T12:52:42","date_gmt":"2017-02-13T12:52:42","guid":{"rendered":"http:\/\/c3.usac.edu.gt\/petencito.usac.edu.gt\/public_html\/?page_id=16"},"modified":"2024-04-15T21:14:40","modified_gmt":"2024-04-15T21:14:40","slug":"caracteristicas","status":"publish","type":"page","link":"https:\/\/petencito.usac.edu.gt\/?page_id=16","title":{"rendered":"Caracter\u00edsticas"},"content":{"rendered":"\n<div class=\"wp-block-columns alignfull is-layout-flex wp-container-core-columns-is-layout-9d6595d7 wp-block-columns-is-layout-flex\">\n<div class=\"wp-block-column is-layout-flow wp-block-column-is-layout-flow\"><\/div>\n\n\n\n<div class=\"wp-block-column is-layout-flow wp-block-column-is-layout-flow\"><div class=\"wp-block-image\">\n<figure class=\"aligncenter size-thumbnail\"><img loading=\"lazy\" decoding=\"async\" width=\"150\" height=\"150\" src=\"https:\/\/petencito.usac.edu.gt\/wp-content\/uploads\/2024\/04\/Recurso-10iconsp_2024-150x150.png\" alt=\"\" class=\"wp-image-2593\" srcset=\"https:\/\/petencito.usac.edu.gt\/wp-content\/uploads\/2024\/04\/Recurso-10iconsp_2024-150x150.png 150w, https:\/\/petencito.usac.edu.gt\/wp-content\/uploads\/2024\/04\/Recurso-10iconsp_2024-300x300.png 300w, https:\/\/petencito.usac.edu.gt\/wp-content\/uploads\/2024\/04\/Recurso-10iconsp_2024.png 360w\" sizes=\"auto, (max-width: 150px) 100vw, 150px\" \/><\/figure>\n<\/div>\n\n\n<h2 class=\"wp-block-heading has-text-align-center has-text-color has-link-color wp-elements-674e25c20d561455ccc24d7a556c4873\" style=\"color:#647a27\"><strong>Geolog\u00eda y Fisiograf\u00eda<\/strong><\/h2>\n\n\n\n<p class=\"has-text-align-center\">Seg\u00fan de la Cruz, 1976, Fisiogr\u00e1ficamente el \u00e1rea se encuentra en la Plataforma de Yucat\u00e1n, formada sobre capas horizontales de rocas sedimentarias de Cret\u00e1cico Superior y del Eoceno.<\/p>\n\n\n\n<div style=\"height:100px\" aria-hidden=\"true\" class=\"wp-block-spacer\"><\/div>\n\n\n\n<hr class=\"wp-block-separator has-alpha-channel-opacity\"\/>\n\n\n<div class=\"wp-block-image\">\n<figure class=\"aligncenter size-full is-resized\"><img loading=\"lazy\" decoding=\"async\" width=\"411\" height=\"258\" src=\"https:\/\/petencito.usac.edu.gt\/wp-content\/uploads\/2024\/04\/Recurso-13iconsp_2024.png\" alt=\"\" class=\"wp-image-2596\" style=\"width:175px\" srcset=\"https:\/\/petencito.usac.edu.gt\/wp-content\/uploads\/2024\/04\/Recurso-13iconsp_2024.png 411w, https:\/\/petencito.usac.edu.gt\/wp-content\/uploads\/2024\/04\/Recurso-13iconsp_2024-300x188.png 300w\" sizes=\"auto, (max-width: 411px) 100vw, 411px\" \/><\/figure>\n<\/div>\n\n\n<h2 class=\"wp-block-heading has-text-align-center has-text-color has-link-color wp-elements-cf509cfa6c801ad887cfeb381874c3d1\" style=\"color:#647a27\"><strong>Zona de Vida<\/strong><\/h2>\n\n\n\n<p class=\"has-text-align-center\">Seg\u00fan el sistema de clasificaci\u00f3n Holdridge. El \u00c1rea de estudio, Petencito, est\u00e1 clasificado como una zona de Bosque h\u00famedo Subtropical (c\u00e1lido).<\/p>\n<\/div>\n\n\n\n<div class=\"wp-block-column is-layout-flow wp-block-column-is-layout-flow\"><div class=\"wp-block-image\">\n<figure class=\"aligncenter size-thumbnail\"><img loading=\"lazy\" decoding=\"async\" width=\"150\" height=\"150\" src=\"https:\/\/petencito.usac.edu.gt\/wp-content\/uploads\/2024\/04\/Recurso-14iconsp_2024-150x150.png\" alt=\"\" class=\"wp-image-2597\" srcset=\"https:\/\/petencito.usac.edu.gt\/wp-content\/uploads\/2024\/04\/Recurso-14iconsp_2024-150x150.png 150w, https:\/\/petencito.usac.edu.gt\/wp-content\/uploads\/2024\/04\/Recurso-14iconsp_2024-300x300.png 300w, https:\/\/petencito.usac.edu.gt\/wp-content\/uploads\/2024\/04\/Recurso-14iconsp_2024.png 359w\" sizes=\"auto, (max-width: 150px) 100vw, 150px\" \/><\/figure>\n<\/div>\n\n\n<h2 class=\"wp-block-heading has-text-align-center has-text-color has-link-color wp-elements-f6f9ab28af2b594fda84087b68bf1ff5\" style=\"color:#647a27\"><strong>Hidrolog\u00eda<\/strong><\/h2>\n\n\n\n<p class=\"has-text-align-center\">Petencito cuentas con diferentes recursos h\u00eddricos como lo son el lago Pet\u00e9n Itz\u00e1, que es la principal fuente de abastecimiento para las actividades que se realizan dentro, tambi\u00e9n existen en Petencito tres lagunas, laguna Yalnon, Yachul y La guitarra, cuerpos de agua que albergan diferentes especies de peces y adem\u00e1s reptiles como la tortuga blanca <em>(Dermatemis mawii)<\/em>, cocodrilo pantanero <em>(Crocodylus moreletti)<\/em> que se reprodujo en cautiverio y se liberaron en la misma.<\/p>\n\n\n\n<hr class=\"wp-block-separator has-alpha-channel-opacity\"\/>\n\n\n\n<figure class=\"wp-block-image size-full is-resized\"><img loading=\"lazy\" decoding=\"async\" width=\"479\" height=\"393\" src=\"https:\/\/petencito.usac.edu.gt\/wp-content\/uploads\/2024\/04\/Recurso-12iconsp_2024.png\" alt=\"\" class=\"wp-image-2595\" style=\"width:175px\" srcset=\"https:\/\/petencito.usac.edu.gt\/wp-content\/uploads\/2024\/04\/Recurso-12iconsp_2024.png 479w, https:\/\/petencito.usac.edu.gt\/wp-content\/uploads\/2024\/04\/Recurso-12iconsp_2024-300x246.png 300w\" sizes=\"auto, (max-width: 479px) 100vw, 479px\" \/><\/figure>\n<\/div>\n\n\n\n<div class=\"wp-block-column is-layout-flow wp-block-column-is-layout-flow\"><div class=\"wp-block-image\">\n<figure class=\"aligncenter size-thumbnail\"><img loading=\"lazy\" decoding=\"async\" width=\"150\" height=\"150\" src=\"https:\/\/petencito.usac.edu.gt\/wp-content\/uploads\/2024\/04\/Recurso-11iconsp_2024-150x150.png\" alt=\"\" class=\"wp-image-2594\" srcset=\"https:\/\/petencito.usac.edu.gt\/wp-content\/uploads\/2024\/04\/Recurso-11iconsp_2024-150x150.png 150w, https:\/\/petencito.usac.edu.gt\/wp-content\/uploads\/2024\/04\/Recurso-11iconsp_2024-300x300.png 300w, https:\/\/petencito.usac.edu.gt\/wp-content\/uploads\/2024\/04\/Recurso-11iconsp_2024.png 337w\" sizes=\"auto, (max-width: 150px) 100vw, 150px\" \/><\/figure>\n<\/div>\n\n\n<h2 class=\"wp-block-heading has-text-align-center has-text-color has-link-color wp-elements-03efd3271260d7f0c73601a346145ee5\" style=\"color:#647a27\"><strong>Suelos<\/strong><\/h2>\n\n\n\n<p class=\"has-text-align-center\">Seg\u00fan MARN-AMPI, Petencito corresponde a la serie de suelos Yaxh\u00e1; sus caracter\u00edsticas\u00a0 son tipo de suelo\u00a0 poco profundo, con muy buen drenaje, desarrollados sobre rocas calc\u00e1reas suaves y blanquecinas (que tienen un aspecto de yeso calcinado).<\/p>\n\n\n\n<div style=\"height:100px\" aria-hidden=\"true\" class=\"wp-block-spacer\"><\/div>\n\n\n\n<hr class=\"wp-block-separator has-alpha-channel-opacity\"\/>\n\n\n\n<h2 class=\"wp-block-heading has-text-color has-link-color wp-elements-b40dd9dc570d59acb674e7c4454f7e3e\" style=\"color:#647a27\"><strong>Clima<\/strong><\/h2>\n\n\n\n<p>Seg\u00fan Thornthwaite el clima predominantes es c\u00e1lido h\u00famedo sin una estaci\u00f3n seca definida. . La temperatura m\u00e1xima promedio alcanza los 33.2\u00ba C. y una m\u00ednima de 20.3\u00ba C. La temperatura promedio anual es de 25.32\u00b0C.&nbsp; La humedad relativa anual alcanza el 78%, siendo un \u00e1rea relativamente h\u00fameda en la que llueve aproximadamente 180 d\u00edas al a\u00f1o, teniendo 1,800 mm. de precipitaci\u00f3n anual.<\/p>\n<\/div>\n\n\n\n<div class=\"wp-block-column is-layout-flow wp-block-column-is-layout-flow\"><\/div>\n<\/div>\n\n\n\n<p><\/p>\n","protected":false},"excerpt":{"rendered":"<p>Geolog\u00eda y Fisiograf\u00eda Seg\u00fan de la Cruz, 1976, Fisiogr\u00e1ficamente el \u00e1rea se encuentra en la Plataforma de Yucat\u00e1n, formada sobre capas horizontales de rocas sedimentarias de Cret\u00e1cico Superior y del Eoceno. Zona de Vida Seg\u00fan el sistema de clasificaci\u00f3n Holdridge. El \u00c1rea de estudio, Petencito, est\u00e1 clasificado como una zona de Bosque h\u00famedo Subtropical (c\u00e1lido). [&hellip;]<\/p>\n","protected":false},"author":1,"featured_media":0,"parent":0,"menu_order":3,"comment_status":"closed","ping_status":"closed","template":"","meta":{"iawp_total_views":52,"footnotes":""},"class_list":["post-16","page","type-page","status-publish","czr-hentry"],"_links":{"self":[{"href":"https:\/\/petencito.usac.edu.gt\/index.php?rest_route=\/wp\/v2\/pages\/16","targetHints":{"allow":["GET"]}}],"collection":[{"href":"https:\/\/petencito.usac.edu.gt\/index.php?rest_route=\/wp\/v2\/pages"}],"about":[{"href":"https:\/\/petencito.usac.edu.gt\/index.php?rest_route=\/wp\/v2\/types\/page"}],"author":[{"embeddable":true,"href":"https:\/\/petencito.usac.edu.gt\/index.php?rest_route=\/wp\/v2\/users\/1"}],"replies":[{"embeddable":true,"href":"https:\/\/petencito.usac.edu.gt\/index.php?rest_route=%2Fwp%2Fv2%2Fcomments&post=16"}],"version-history":[{"count":19,"href":"https:\/\/petencito.usac.edu.gt\/index.php?rest_route=\/wp\/v2\/pages\/16\/revisions"}],"predecessor-version":[{"id":2619,"href":"https:\/\/petencito.usac.edu.gt\/index.php?rest_route=\/wp\/v2\/pages\/16\/revisions\/2619"}],"wp:attachment":[{"href":"https:\/\/petencito.usac.edu.gt\/index.php?rest_route=%2Fwp%2Fv2%2Fmedia&parent=16"}],"curies":[{"name":"wp","href":"https:\/\/api.w.org\/{rel}","templated":true}]}}